{"id":1106,"date":"2015-11-19T02:10:45","date_gmt":"2015-11-19T01:10:45","guid":{"rendered":"http:\/\/www.zss1.strefa.pl\/wpress\/?page_id=1106"},"modified":"2017-03-24T09:28:31","modified_gmt":"2017-03-24T08:28:31","slug":"nasze-sukcesy","status":"publish","type":"page","link":"https:\/\/www.zss1.strefa.pl\/wpress\/?page_id=1106","title":{"rendered":"NASZE SUKCESY"},"content":{"rendered":"<h3><span style=\"color: #0000ff;\">Relacja z udzia\u0142u naszego absolwenta Paw\u0142a Bernata <\/span><br \/>\n<span style=\"color: #0000ff;\">wraz z trenerem i opiekunem Katarzyn\u0105 Szepelak-Har\u0119zg\u0105.<\/span><\/h3>\n<p>Pawe\u0142 jeste\u015bmy z Ciebie dumni !!!<\/p>\n<p>Link do filmu: <a href=\"https:\/\/www.youtube.com\/watch?v=suB-ROXvilU\">RELACJA<\/a><\/p>\n<p>Zapraszamy do obejrzenia filmu i kilku zdj\u0119\u0107.<\/p>\n<div id='gallery-1' class='gallery galleryid-1106 gallery-columns-3 gallery-size-thumbnail'><figure class='gallery-item'>\n\t\t\t<div class='gallery-icon landscape'>\n\t\t\t\t<a href='https:\/\/www.zss1.strefa.pl\/wpress\/wp-content\/uploads\/2015\/11\/72.jpg'><img loading=\"lazy\" decoding=\"async\" width=\"150\" height=\"150\" src=\"https:\/\/www.zss1.strefa.pl\/wpress\/wp-content\/uploads\/2015\/11\/72-150x150.jpg\" class=\"attachment-thumbnail size-thumbnail\" alt=\"\" \/><\/a>\n\t\t\t<\/div><\/figure><figure class='gallery-item'>\n\t\t\t<div class='gallery-icon landscape'>\n\t\t\t\t<a href='https:\/\/www.zss1.strefa.pl\/wpress\/wp-content\/uploads\/2015\/11\/2a.jpg'><img loading=\"lazy\" decoding=\"async\" width=\"150\" height=\"150\" src=\"https:\/\/www.zss1.strefa.pl\/wpress\/wp-content\/uploads\/2015\/11\/2a-150x150.jpg\" class=\"attachment-thumbnail size-thumbnail\" alt=\"\" \/><\/a>\n\t\t\t<\/div><\/figure><figure class='gallery-item'>\n\t\t\t<div class='gallery-icon landscape'>\n\t\t\t\t<a href='https:\/\/www.zss1.strefa.pl\/wpress\/wp-content\/uploads\/2015\/11\/96.jpg'><img loading=\"lazy\" decoding=\"async\" width=\"150\" height=\"150\" src=\"https:\/\/www.zss1.strefa.pl\/wpress\/wp-content\/uploads\/2015\/11\/96-150x150.jpg\" class=\"attachment-thumbnail size-thumbnail\" alt=\"\" \/><\/a>\n\t\t\t<\/div><\/figure><figure class='gallery-item'>\n\t\t\t<div class='gallery-icon landscape'>\n\t\t\t\t<a href='https:\/\/www.zss1.strefa.pl\/wpress\/wp-content\/uploads\/2015\/11\/196.jpg'><img loading=\"lazy\" decoding=\"async\" width=\"150\" height=\"150\" src=\"https:\/\/www.zss1.strefa.pl\/wpress\/wp-content\/uploads\/2015\/11\/196-150x150.jpg\" class=\"attachment-thumbnail size-thumbnail\" alt=\"\" \/><\/a>\n\t\t\t<\/div><\/figure><figure class='gallery-item'>\n\t\t\t<div class='gallery-icon landscape'>\n\t\t\t\t<a href='https:\/\/www.zss1.strefa.pl\/wpress\/wp-content\/uploads\/2015\/11\/195.jpg'><img loading=\"lazy\" decoding=\"async\" width=\"150\" height=\"150\" src=\"https:\/\/www.zss1.strefa.pl\/wpress\/wp-content\/uploads\/2015\/11\/195-150x150.jpg\" class=\"attachment-thumbnail size-thumbnail\" alt=\"\" \/><\/a>\n\t\t\t<\/div><\/figure><figure class='gallery-item'>\n\t\t\t<div class='gallery-icon landscape'>\n\t\t\t\t<a href='https:\/\/www.zss1.strefa.pl\/wpress\/wp-content\/uploads\/2015\/11\/182.jpg'><img loading=\"lazy\" decoding=\"async\" width=\"150\" height=\"150\" src=\"https:\/\/www.zss1.strefa.pl\/wpress\/wp-content\/uploads\/2015\/11\/182-150x150.jpg\" class=\"attachment-thumbnail size-thumbnail\" alt=\"\" \/><\/a>\n\t\t\t<\/div><\/figure><figure class='gallery-item'>\n\t\t\t<div class='gallery-icon landscape'>\n\t\t\t\t<a href='https:\/\/www.zss1.strefa.pl\/wpress\/wp-content\/uploads\/2015\/11\/147.jpg'><img loading=\"lazy\" decoding=\"async\" width=\"150\" height=\"150\" src=\"https:\/\/www.zss1.strefa.pl\/wpress\/wp-content\/uploads\/2015\/11\/147-150x150.jpg\" class=\"attachment-thumbnail size-thumbnail\" alt=\"\" \/><\/a>\n\t\t\t<\/div><\/figure><figure class='gallery-item'>\n\t\t\t<div class='gallery-icon landscape'>\n\t\t\t\t<a href='https:\/\/www.zss1.strefa.pl\/wpress\/wp-content\/uploads\/2015\/11\/145.jpg'><img loading=\"lazy\" decoding=\"async\" width=\"150\" height=\"150\" src=\"https:\/\/www.zss1.strefa.pl\/wpress\/wp-content\/uploads\/2015\/11\/145-150x150.jpg\" class=\"attachment-thumbnail size-thumbnail\" alt=\"\" \/><\/a>\n\t\t\t<\/div><\/figure><figure class='gallery-item'>\n\t\t\t<div class='gallery-icon landscape'>\n\t\t\t\t<a href='https:\/\/www.zss1.strefa.pl\/wpress\/wp-content\/uploads\/2015\/11\/139.jpg'><img loading=\"lazy\" decoding=\"async\" width=\"150\" height=\"150\" src=\"https:\/\/www.zss1.strefa.pl\/wpress\/wp-content\/uploads\/2015\/11\/139-150x150.jpg\" class=\"attachment-thumbnail size-thumbnail\" alt=\"\" \/><\/a>\n\t\t\t<\/div><\/figure><figure class='gallery-item'>\n\t\t\t<div class='gallery-icon landscape'>\n\t\t\t\t<a href='https:\/\/www.zss1.strefa.pl\/wpress\/wp-content\/uploads\/2015\/11\/138.jpg'><img loading=\"lazy\" decoding=\"async\" width=\"150\" height=\"150\" src=\"https:\/\/www.zss1.strefa.pl\/wpress\/wp-content\/uploads\/2015\/11\/138-150x150.jpg\" class=\"attachment-thumbnail size-thumbnail\" alt=\"\" \/><\/a>\n\t\t\t<\/div><\/figure><figure class='gallery-item'>\n\t\t\t<div class='gallery-icon landscape'>\n\t\t\t\t<a href='https:\/\/www.zss1.strefa.pl\/wpress\/wp-content\/uploads\/2015\/11\/137.jpg'><img loading=\"lazy\" decoding=\"async\" width=\"150\" height=\"150\" src=\"https:\/\/www.zss1.strefa.pl\/wpress\/wp-content\/uploads\/2015\/11\/137-150x150.jpg\" class=\"attachment-thumbnail size-thumbnail\" alt=\"\" \/><\/a>\n\t\t\t<\/div><\/figure><figure class='gallery-item'>\n\t\t\t<div class='gallery-icon landscape'>\n\t\t\t\t<a href='https:\/\/www.zss1.strefa.pl\/wpress\/wp-content\/uploads\/2015\/11\/135.jpg'><img loading=\"lazy\" decoding=\"async\" width=\"150\" height=\"150\" src=\"https:\/\/www.zss1.strefa.pl\/wpress\/wp-content\/uploads\/2015\/11\/135-150x150.jpg\" class=\"attachment-thumbnail size-thumbnail\" alt=\"\" \/><\/a>\n\t\t\t<\/div><\/figure><figure class='gallery-item'>\n\t\t\t<div class='gallery-icon landscape'>\n\t\t\t\t<a href='https:\/\/www.zss1.strefa.pl\/wpress\/wp-content\/uploads\/2015\/11\/134.jpg'><img loading=\"lazy\" decoding=\"async\" width=\"150\" height=\"150\" src=\"https:\/\/www.zss1.strefa.pl\/wpress\/wp-content\/uploads\/2015\/11\/134-150x150.jpg\" class=\"attachment-thumbnail size-thumbnail\" alt=\"\" \/><\/a>\n\t\t\t<\/div><\/figure><figure class='gallery-item'>\n\t\t\t<div class='gallery-icon landscape'>\n\t\t\t\t<a href='https:\/\/www.zss1.strefa.pl\/wpress\/wp-content\/uploads\/2015\/11\/133.jpg'><img loading=\"lazy\" decoding=\"async\" width=\"150\" height=\"150\" src=\"https:\/\/www.zss1.strefa.pl\/wpress\/wp-content\/uploads\/2015\/11\/133-150x150.jpg\" class=\"attachment-thumbnail size-thumbnail\" alt=\"\" \/><\/a>\n\t\t\t<\/div><\/figure><figure class='gallery-item'>\n\t\t\t<div class='gallery-icon landscape'>\n\t\t\t\t<a href='https:\/\/www.zss1.strefa.pl\/wpress\/wp-content\/uploads\/2015\/11\/129.jpg'><img loading=\"lazy\" decoding=\"async\" width=\"150\" height=\"150\" src=\"https:\/\/www.zss1.strefa.pl\/wpress\/wp-content\/uploads\/2015\/11\/129-150x150.jpg\" class=\"attachment-thumbnail size-thumbnail\" alt=\"\" \/><\/a>\n\t\t\t<\/div><\/figure><figure class='gallery-item'>\n\t\t\t<div class='gallery-icon portrait'>\n\t\t\t\t<a href='https:\/\/www.zss1.strefa.pl\/wpress\/wp-content\/uploads\/2015\/11\/128.jpg'><img loading=\"lazy\" decoding=\"async\" width=\"150\" height=\"150\" src=\"https:\/\/www.zss1.strefa.pl\/wpress\/wp-content\/uploads\/2015\/11\/128-150x150.jpg\" class=\"attachment-thumbnail size-thumbnail\" alt=\"\" \/><\/a>\n\t\t\t<\/div><\/figure><figure class='gallery-item'>\n\t\t\t<div class='gallery-icon landscape'>\n\t\t\t\t<a href='https:\/\/www.zss1.strefa.pl\/wpress\/wp-content\/uploads\/2015\/11\/125.jpg'><img loading=\"lazy\" decoding=\"async\" width=\"150\" height=\"150\" src=\"https:\/\/www.zss1.strefa.pl\/wpress\/wp-content\/uploads\/2015\/11\/125-150x150.jpg\" class=\"attachment-thumbnail size-thumbnail\" alt=\"\" \/><\/a>\n\t\t\t<\/div><\/figure><figure class='gallery-item'>\n\t\t\t<div class='gallery-icon landscape'>\n\t\t\t\t<a href='https:\/\/www.zss1.strefa.pl\/wpress\/wp-content\/uploads\/2015\/11\/59.jpg'><img loading=\"lazy\" decoding=\"async\" width=\"150\" height=\"150\" src=\"https:\/\/www.zss1.strefa.pl\/wpress\/wp-content\/uploads\/2015\/11\/59-150x150.jpg\" class=\"attachment-thumbnail size-thumbnail\" alt=\"\" \/><\/a>\n\t\t\t<\/div><\/figure><figure class='gallery-item'>\n\t\t\t<div class='gallery-icon landscape'>\n\t\t\t\t<a href='https:\/\/www.zss1.strefa.pl\/wpress\/wp-content\/uploads\/2015\/11\/24.jpg'><img loading=\"lazy\" decoding=\"async\" width=\"150\" height=\"150\" src=\"https:\/\/www.zss1.strefa.pl\/wpress\/wp-content\/uploads\/2015\/11\/24-150x150.jpg\" class=\"attachment-thumbnail size-thumbnail\" alt=\"\" \/><\/a>\n\t\t\t<\/div><\/figure>\n\t\t<\/div>\n\n","protected":false},"excerpt":{"rendered":"<p>Relacja z udzia\u0142u naszego absolwenta Paw\u0142a Bernata wraz z trenerem i opiekunem Katarzyn\u0105 Szepelak-Har\u0119zg\u0105. Pawe\u0142 jeste\u015bmy z Ciebie dumni !!! Link do filmu: RELACJA Zapraszamy do obejrzenia filmu i kilku zdj\u0119\u0107.<\/p>\n","protected":false},"author":2,"featured_media":0,"parent":0,"menu_order":3,"comment_status":"closed","ping_status":"closed","template":"","meta":{"footnotes":""},"class_list":["post-1106","page","type-page","status-publish","hentry"],"_links":{"self":[{"href":"https:\/\/www.zss1.strefa.pl\/wpress\/index.php?rest_route=\/wp\/v2\/pages\/1106","targetHints":{"allow":["GET"]}}],"collection":[{"href":"https:\/\/www.zss1.strefa.pl\/wpress\/index.php?rest_route=\/wp\/v2\/pages"}],"about":[{"href":"https:\/\/www.zss1.strefa.pl\/wpress\/index.php?rest_route=\/wp\/v2\/types\/page"}],"author":[{"embeddable":true,"href":"https:\/\/www.zss1.strefa.pl\/wpress\/index.php?rest_route=\/wp\/v2\/users\/2"}],"replies":[{"embeddable":true,"href":"https:\/\/www.zss1.strefa.pl\/wpress\/index.php?rest_route=%2Fwp%2Fv2%2Fcomments&post=1106"}],"version-history":[{"count":8,"href":"https:\/\/www.zss1.strefa.pl\/wpress\/index.php?rest_route=\/wp\/v2\/pages\/1106\/revisions"}],"predecessor-version":[{"id":4972,"href":"https:\/\/www.zss1.strefa.pl\/wpress\/index.php?rest_route=\/wp\/v2\/pages\/1106\/revisions\/4972"}],"wp:attachment":[{"href":"https:\/\/www.zss1.strefa.pl\/wpress\/index.php?rest_route=%2Fwp%2Fv2%2Fmedia&parent=1106"}],"curies":[{"name":"wp","href":"https:\/\/api.w.org\/{rel}","templated":true}]}}