{"id":17932,"date":"2023-10-20T11:35:46","date_gmt":"2023-10-20T09:35:46","guid":{"rendered":"https:\/\/www.zss1.strefa.pl\/wpress\/?page_id=17932"},"modified":"2023-10-20T11:41:18","modified_gmt":"2023-10-20T09:41:18","slug":"vr","status":"publish","type":"page","link":"https:\/\/www.zss1.strefa.pl\/wpress\/?page_id=17932","title":{"rendered":"VR"},"content":{"rendered":"\n<p>Nasza szko\u0142a jest plac\u00f3wk\u0105 innowacyjn\u0105, wykorzystuj\u0105c\u0105 nowe<br>technologie, w tym gogle wirtualnej rzeczywisto\u015bci. Wirtualna<br>rzeczywisto\u015b\u0107 to wygenerowana komputerowo tr\u00f3jwymiarowa przestrze\u0144, Po<br>za\u0142o\u017ceniu okular\u00f3w VR \u015bwiat dooko\u0142a nas znika, a my mamy poczucie<br>teleportowania si\u0119 do alternatywnej, innej rzeczywisto\u015bci. Takie<br>zjawisko nazywamy immersj\u0105. Jak pokazuj\u0105 badania dzi\u0119ki niemu<br>uczniowie maj\u0105 mo\u017cliwo\u015b\u0107 przyswajania wiedzy nawet czterokrotnie<br>szybciej. Stwarzamy takie warunki uczniom by mogli rozwija\u0107 si\u0119 w<br>nast\u0119puj\u0105cych sferach:<\/p>\n\n\n\n<p>1.&nbsp; &nbsp; &nbsp; funkcjonowanie emocjonalne<\/p>\n\n\n\n<p>2.&nbsp; &nbsp; &nbsp; rozwijanie komunikacji zar\u00f3wno kierowanej jak i spontanicznej<\/p>\n\n\n\n<p>3.&nbsp; &nbsp; &nbsp; percepcja wzrokowa<\/p>\n\n\n\n<p>4.&nbsp; &nbsp; &nbsp; sprawno\u015b\u0107 motoryczno-manualna<\/p>\n\n\n\n<p>5.&nbsp; &nbsp; &nbsp; percepcja s\u0142uchowa<\/p>\n\n\n\n<p>6.&nbsp; &nbsp; &nbsp; pami\u0119\u0107, my\u015blenie logiczne<\/p>\n\n\n\n<p>7.&nbsp; &nbsp; &nbsp; koncentracja, \u0107wiczenia uwa\u017cno\u015bci<\/p>\n\n\n\n<p>8.&nbsp; &nbsp; &nbsp; relaksacja &#8211; medytacja (z u\u017cyciem biofeedbacku)<\/p>\n\n\n\n<p>9.&nbsp; &nbsp; &nbsp; terapeutyczne wykorzystanie muzyki<\/p>\n\n\n\n<p>10.&nbsp; usprawnianie funkcjonowania spo\u0142ecznego (TUS-y)<\/p>\n\n\n\n<p>11.&nbsp; zabawy rozwijaj\u0105ce umiej\u0119tno\u015bci szkolne<\/p>\n\n\n\n<p>12.&nbsp; orientacja i wyobra\u017ania przestrzenna<\/p>\n\n\n\n<p>13.&nbsp; Integracja pi\u0119ciu zmys\u0142\u00f3w<\/p>\n\n\n\n<p>14.&nbsp; zabawy ruchowe<\/p>\n\n\n\n<p>15.&nbsp; zabawy polisensoryczne<\/p>\n\n\n\n<p>Zach\u0119camy r\u00f3wnie\u017c Rodzic\u00f3w do sprawdzenia jak dzia\u0142a wirtualna<br>rzeczywisto\u015b\u0107. Mo\u017cna um\u00f3wi\u0107 si\u0119 na spotkanie z p. Justyn\u0105 Bogus\u0142aw lub<br>p. Magdalen\u0105 Benedyk pod adresami:&nbsp;<a rel=\"noreferrer noopener\" href=\"mailto:boguslaw@zss1.strefa.pl\" target=\"_blank\">boguslaw@zss1.strefa.pl<\/a>,<br><a rel=\"noreferrer noopener\" href=\"mailto:benedyk@zss1.strefa.pl\" target=\"_blank\">benedyk@zss1.strefa.pl<\/a><\/p>\n\n\n\n<p><\/p>\n\n\n\n<p>W naszej szkole powsta\u0142a aplikacja WYMODELUJ na gogle wirtualnej rzeczywisto\u015bci.<br>Aplikacja&nbsp; zosta\u0142a stworzona z my\u015bl\u0105 o uczniach z niepe\u0142nosprawno\u015bci\u0105<br>intelektualn\u0105 oraz zaburzeniami ze spektrum autyzmu w wieku od 17 do<br>24 lat, ucz\u0105cych si\u0119 w szko\u0142ach przysposabiaj\u0105cych do pracy, kt\u00f3rzy do<br>tej pory mieli trudno\u015bci w rozwijaniu swoich kompetencji. Jednak nic<br>nie stoi na przeszkodzie, by by\u0142a stosowana w szkolnictwie specjalnym<br>r\u00f3wnie\u017c dla m\u0142odszych uczni\u00f3w.<br>Nauka przez&nbsp; wideomodelowanie. polega na ogl\u0105daniu film\u00f3w z dan\u0105<br>czynno\u015bci\u0105, a nast\u0119pnie na podj\u0119ciu pr\u00f3by samodzielnego ich wykonania<br>w kontrolowanych warunkach.<br>Filmy nagrane s\u0105 z perspektywy pierwszej osoby, zatem ucze\u0144 ogl\u0105daj\u0105c<br>je w goglach wirtualnej rzeczywisto\u015bci ma wra\u017cenie, \u017ce wykonuje je<br>samodzielnie. Na tym polega immersja. Dodatkowo same gogle VR odcinaj\u0105<br>dystraktory zewn\u0119trzne, co u\u0142atwia uczniowi skupi\u0107 si\u0119 na ogl\u0105danym<br>materiale.<br>Do aplikacji zosta\u0142y przygotowane r\u00f3wnie\u017c materia\u0142y do pracy dla<br>nauczyciela lub do pracy w domu. Filmy mo\u017cna r\u00f3wnie\u017c zobaczy\u0107 na<br>youtube.<br>Zach\u0119camy do odwiedzenia bloga&nbsp;<a rel=\"noreferrer noopener\" href=\"http:\/\/www.wymodeluj.blogspot.com\/\" target=\"_blank\">www.wymodeluj.blogspot.com<\/a><\/p>\n\n\n\n<figure class=\"wp-block-embed is-type-video is-provider-youtube wp-block-embed-youtube wp-embed-aspect-16-9 wp-has-aspect-ratio\"><div class=\"wp-block-embed__wrapper\">\n<iframe loading=\"lazy\" title=\"WYMODELUJ - o aplikacji\" width=\"847\" height=\"476\" src=\"https:\/\/www.youtube.com\/embed\/drVDDNKgqXM?feature=oembed\" frameborder=\"0\" allow=\"accelerometer; autoplay; clipboard-write; encrypted-media; gyroscope; picture-in-picture; web-share\" allowfullscreen><\/iframe>\n<\/div><\/figure>\n","protected":false},"excerpt":{"rendered":"<p>Nasza szko\u0142a jest plac\u00f3wk\u0105 innowacyjn\u0105, wykorzystuj\u0105c\u0105 nowetechnologie, w tym gogle wirtualnej rzeczywisto\u015bci. Wirtualnarzeczywisto\u015b\u0107 to wygenerowana komputerowo tr\u00f3jwymiarowa przestrze\u0144, Poza\u0142o\u017ceniu okular\u00f3w VR \u015bwiat dooko\u0142a nas znika, a my mamy poczucieteleportowania si\u0119 do alternatywnej, innej rzeczywisto\u015bci. Takiezjawisko nazywamy immersj\u0105. Jak pokazuj\u0105 badania <a href=\"https:\/\/www.zss1.strefa.pl\/wpress\/?page_id=17932\" class=\"read-more\">Read More &#8230;<\/a><\/p>\n","protected":false},"author":25,"featured_media":0,"parent":0,"menu_order":0,"comment_status":"closed","ping_status":"closed","template":"","meta":{"footnotes":""},"class_list":["post-17932","page","type-page","status-publish","hentry"],"_links":{"self":[{"href":"https:\/\/www.zss1.strefa.pl\/wpress\/index.php?rest_route=\/wp\/v2\/pages\/17932","targetHints":{"allow":["GET"]}}],"collection":[{"href":"https:\/\/www.zss1.strefa.pl\/wpress\/index.php?rest_route=\/wp\/v2\/pages"}],"about":[{"href":"https:\/\/www.zss1.strefa.pl\/wpress\/index.php?rest_route=\/wp\/v2\/types\/page"}],"author":[{"embeddable":true,"href":"https:\/\/www.zss1.strefa.pl\/wpress\/index.php?rest_route=\/wp\/v2\/users\/25"}],"replies":[{"embeddable":true,"href":"https:\/\/www.zss1.strefa.pl\/wpress\/index.php?rest_route=%2Fwp%2Fv2%2Fcomments&post=17932"}],"version-history":[{"count":2,"href":"https:\/\/www.zss1.strefa.pl\/wpress\/index.php?rest_route=\/wp\/v2\/pages\/17932\/revisions"}],"predecessor-version":[{"id":17939,"href":"https:\/\/www.zss1.strefa.pl\/wpress\/index.php?rest_route=\/wp\/v2\/pages\/17932\/revisions\/17939"}],"wp:attachment":[{"href":"https:\/\/www.zss1.strefa.pl\/wpress\/index.php?rest_route=%2Fwp%2Fv2%2Fmedia&parent=17932"}],"curies":[{"name":"wp","href":"https:\/\/api.w.org\/{rel}","templated":true}]}}