{"id":19503,"date":"2024-05-07T14:32:32","date_gmt":"2024-05-07T12:32:32","guid":{"rendered":"https:\/\/www.zss1.strefa.pl\/wpress\/?page_id=19503"},"modified":"2024-05-13T12:02:20","modified_gmt":"2024-05-13T10:02:20","slug":"eeg-biofeedback","status":"publish","type":"page","link":"https:\/\/www.zss1.strefa.pl\/wpress\/?page_id=19503","title":{"rendered":"EEG Biofeedback"},"content":{"rendered":"\n<p>Szko\u0142a prowadzi terapi\u0119 EEG Biofeedback z u\u017cyciem sprz\u0119tu Biograph<br>Infiniti.<br>Poprzez terapi\u0119 EEG Biofeedback trenuj\u0105cy uczy si\u0119 panowa\u0107 nad<br>swoimi falami m\u00f3zgowymi w procesie samouczenia si\u0119 za pomoc\u0105<br>sprz\u0119\u017cenia zwrotnego. Czujniki przyklejone do g\u0142owy odbieraj\u0105 fale<br>m\u00f3zgowe, kt\u00f3re s\u0105 wzmacniane i rejestrowane przez komputer.<br>Komputer przetwarza dalej sygna\u0142 i zapewnia sprz\u0119\u017cenie zwrotne.<br>Sprz\u0119\u017cenie zwrotne jest informacj\u0105 o tym, jakie fale m\u00f3zgowe<br>przewa\u017caj\u0105 w danej chwili.<br>Przebieg w\u0142asnych fal m\u00f3zgowych, przepisany graficznie pod<br>postaci\u0105 wideogry, obserwuje trenowany na swoim monitorze. Gr\u0105<br>kieruje si\u0119 wy\u0142\u0105cznie za pomoc\u0105 pracy w\u0142asnego m\u00f3zgu bez klawiatury i<br>joysticka.<br>Kiedy wzrasta aktywno\u015b\u0107 m\u00f3zgu w po\u017c\u0105danym pa\u015bmie<br>cz\u0119stotliwo\u015bci fal m\u00f3zgowych, ucze\u0144 otrzymuje nagrod\u0119 w postaci<br>punkt\u00f3w. Przy wzro\u015bcie niepo\u017c\u0105danych pasm, nie mamy sukcesu w<br>grze. M\u00f3zg stopniowo reaguje na motywacyjne wskaz\u00f3wki proponowane<br>przez komputer w postaci nagrody za dobre wyniki gry. W ten spos\u00f3b<br>m\u00f3zg sam rozwija proces uczenia si\u0119 wysy\u0142ania najbardziej<br>odpowiednich cz\u0119stotliwo\u015bci fal m\u00f3zgowych. Prawid\u0142owe zakresy<br>cz\u0119stotliwo\u015bci fal m\u00f3zgowych osoby trenuj\u0105cej, kt\u00f3re mo\u017cna wy\u0107wiczy\u0107,<br>okre\u015blone s\u0105 na podstawie wiedzy naukowej w zale\u017cno\u015bci od wieku i<br>rodzaju wysi\u0142ku psychicznego trenuj\u0105cego. Metoda ta jest skuteczna w<br>80-95% przypadk\u00f3w, w zale\u017cno\u015bci od stopnia z\u0142o\u017cono\u015bci problemu. W<br>zale\u017cno\u015bci od zaistnia\u0142ych problem\u00f3w trenowane s\u0105 r\u00f3\u017cne zakresy<br>cz\u0119stotliwo\u015bci fal m\u00f3zgowych.<br>EEG Biofeedback stosuje si\u0119 dla doskonalenia zdrowia, pokonywania<br>trudno\u015bci w uczeniu si\u0119, wspierania przy intensywnej nauce i pracy oraz<br>wspomagania leczenia zaburze\u0144 i chor\u00f3b psychosomatycznych.<\/p>\n\n\n\n<p>Zastosowanie EEG Biofeedback jest bardzo wszechstronne i obejmuje:<\/p>\n\n\n\n<ul class=\"wp-block-list\">\n<li>upo\u015bledzenie umys\u0142owe,<\/li>\n\n\n\n<li>ADD, ADHD ( nadpobudliwo\u015b\u0107 psychoruchowa ),<\/li>\n\n\n\n<li>agresj\u0119,<\/li>\n\n\n\n<li>autyzm,<\/li>\n\n\n\n<li>bezdech senny,<\/li>\n\n\n\n<li>depresj\u0119,<\/li>\n\n\n\n<li>j\u0105kanie, l\u0119ki,<\/li>\n\n\n\n<li>moczenie nocne,<\/li>\n\n\n\n<li>m\u00f3zgowe pora\u017cenie dzieci\u0119ce,<\/li>\n\n\n\n<li>natr\u0119ctwo my\u015blowe,,<\/li>\n\n\n\n<li>niepok\u00f3j psychoruchowy, nerwice,<\/li>\n\n\n\n<li>obni\u017cone poczucie w\u0142asnych warto\u015bci,<\/li>\n\n\n\n<li>op\u00f3\u017anienie rozwoju dziecka,<\/li>\n\n\n\n<li>stres,<\/li>\n\n\n\n<li>zaburzenia koncentracji uwagi i sekwencyjnego przetwarzania,<\/li>\n\n\n\n<li>zaburzenia pami\u0119ci,<\/li>\n\n\n\n<li>zaburzenia procesu uczenia si\u0119 (dysleksja, dysgrafia, itp.),<\/li>\n\n\n\n<li>zaburzenia snu,<\/li>\n\n\n\n<li>zaburzenia samooceny.<\/li>\n<\/ul>\n\n\n\n<p>Trening odbywa si\u0119 2 razy w tygodniu. Po treningu wyciszaj\u0105cym<br>ucze\u0144 mo\u017ce poczu\u0107 si\u0119 zrelaksowany, spokojny, \u015bwiadomy w\u0142asnych<br>odczu\u0107 p\u0142yn\u0105cych z cia\u0142a. Po treningu pobudzaj\u0105cym ucze\u0144 uzyskuje<br>popraw\u0119 w zakresie kontrolowania uwagi, stan wzbudzenia<br>energetycznego i aktywacj\u0119.<\/p>\n\n\n\n<p><\/p>\n\n\n\n<p>mgr Arletta Paszkowska<\/p>\n\n\n\n<p><\/p>\n\n\n\n<figure class=\"wp-block-gallery has-nested-images columns-default is-cropped wp-block-gallery-1 is-layout-flex wp-block-gallery-is-layout-flex\">\n<figure class=\"wp-block-image size-large\"><a href=\"https:\/\/www.zss1.strefa.pl\/wpress\/wp-content\/uploads\/2024\/05\/20240508_082846-scaled.jpg\"><img loading=\"lazy\" decoding=\"async\" width=\"1024\" height=\"473\" data-id=\"19552\" src=\"https:\/\/www.zss1.strefa.pl\/wpress\/wp-content\/uploads\/2024\/05\/20240508_082846-1024x473.jpg\" alt=\"\" class=\"wp-image-19552\" srcset=\"https:\/\/www.zss1.strefa.pl\/wpress\/wp-content\/uploads\/2024\/05\/20240508_082846-1024x473.jpg 1024w, https:\/\/www.zss1.strefa.pl\/wpress\/wp-content\/uploads\/2024\/05\/20240508_082846-300x139.jpg 300w, https:\/\/www.zss1.strefa.pl\/wpress\/wp-content\/uploads\/2024\/05\/20240508_082846-768x355.jpg 768w, https:\/\/www.zss1.strefa.pl\/wpress\/wp-content\/uploads\/2024\/05\/20240508_082846-1536x710.jpg 1536w, https:\/\/www.zss1.strefa.pl\/wpress\/wp-content\/uploads\/2024\/05\/20240508_082846-2048x947.jpg 2048w, https:\/\/www.zss1.strefa.pl\/wpress\/wp-content\/uploads\/2024\/05\/20240508_082846-360x166.jpg 360w\" sizes=\"auto, (max-width: 1024px) 100vw, 1024px\" \/><\/a><\/figure>\n\n\n\n<figure class=\"wp-block-image size-large\"><a href=\"https:\/\/www.zss1.strefa.pl\/wpress\/wp-content\/uploads\/2024\/05\/20240508_082807-scaled.jpg\"><img loading=\"lazy\" decoding=\"async\" width=\"1024\" height=\"473\" data-id=\"19553\" src=\"https:\/\/www.zss1.strefa.pl\/wpress\/wp-content\/uploads\/2024\/05\/20240508_082807-1024x473.jpg\" alt=\"\" class=\"wp-image-19553\" srcset=\"https:\/\/www.zss1.strefa.pl\/wpress\/wp-content\/uploads\/2024\/05\/20240508_082807-1024x473.jpg 1024w, https:\/\/www.zss1.strefa.pl\/wpress\/wp-content\/uploads\/2024\/05\/20240508_082807-300x139.jpg 300w, https:\/\/www.zss1.strefa.pl\/wpress\/wp-content\/uploads\/2024\/05\/20240508_082807-768x355.jpg 768w, https:\/\/www.zss1.strefa.pl\/wpress\/wp-content\/uploads\/2024\/05\/20240508_082807-1536x710.jpg 1536w, https:\/\/www.zss1.strefa.pl\/wpress\/wp-content\/uploads\/2024\/05\/20240508_082807-2048x947.jpg 2048w, https:\/\/www.zss1.strefa.pl\/wpress\/wp-content\/uploads\/2024\/05\/20240508_082807-360x166.jpg 360w\" sizes=\"auto, (max-width: 1024px) 100vw, 1024px\" \/><\/a><\/figure>\n<\/figure>\n","protected":false},"excerpt":{"rendered":"<p>Szko\u0142a prowadzi terapi\u0119 EEG Biofeedback z u\u017cyciem sprz\u0119tu BiographInfiniti.Poprzez terapi\u0119 EEG Biofeedback trenuj\u0105cy uczy si\u0119 panowa\u0107 nadswoimi falami m\u00f3zgowymi w procesie samouczenia si\u0119 za pomoc\u0105sprz\u0119\u017cenia zwrotnego. Czujniki przyklejone do g\u0142owy odbieraj\u0105 falem\u00f3zgowe, kt\u00f3re s\u0105 wzmacniane i rejestrowane przez komputer.Komputer przetwarza <a href=\"https:\/\/www.zss1.strefa.pl\/wpress\/?page_id=19503\" class=\"read-more\">Read More &#8230;<\/a><\/p>\n","protected":false},"author":25,"featured_media":0,"parent":0,"menu_order":0,"comment_status":"closed","ping_status":"closed","template":"","meta":{"footnotes":""},"class_list":["post-19503","page","type-page","status-publish","hentry"],"_links":{"self":[{"href":"https:\/\/www.zss1.strefa.pl\/wpress\/index.php?rest_route=\/wp\/v2\/pages\/19503","targetHints":{"allow":["GET"]}}],"collection":[{"href":"https:\/\/www.zss1.strefa.pl\/wpress\/index.php?rest_route=\/wp\/v2\/pages"}],"about":[{"href":"https:\/\/www.zss1.strefa.pl\/wpress\/index.php?rest_route=\/wp\/v2\/types\/page"}],"author":[{"embeddable":true,"href":"https:\/\/www.zss1.strefa.pl\/wpress\/index.php?rest_route=\/wp\/v2\/users\/25"}],"replies":[{"embeddable":true,"href":"https:\/\/www.zss1.strefa.pl\/wpress\/index.php?rest_route=%2Fwp%2Fv2%2Fcomments&post=19503"}],"version-history":[{"count":2,"href":"https:\/\/www.zss1.strefa.pl\/wpress\/index.php?rest_route=\/wp\/v2\/pages\/19503\/revisions"}],"predecessor-version":[{"id":19554,"href":"https:\/\/www.zss1.strefa.pl\/wpress\/index.php?rest_route=\/wp\/v2\/pages\/19503\/revisions\/19554"}],"wp:attachment":[{"href":"https:\/\/www.zss1.strefa.pl\/wpress\/index.php?rest_route=%2Fwp%2Fv2%2Fmedia&parent=19503"}],"curies":[{"name":"wp","href":"https:\/\/api.w.org\/{rel}","templated":true}]}}