{"id":375,"date":"2015-03-08T21:48:29","date_gmt":"2015-03-08T20:48:29","guid":{"rendered":"http:\/\/www.zss1.strefa.pl\/wpress\/?page_id=375"},"modified":"2022-07-14T16:13:29","modified_gmt":"2022-07-14T14:13:29","slug":"szkola-podstawowa","status":"publish","type":"page","link":"https:\/\/www.zss1.strefa.pl\/wpress\/?page_id=375","title":{"rendered":"Szko\u0142a Podstawowa nr 16"},"content":{"rendered":"<p><a href=\"https:\/\/www.zss1.strefa.pl\/wpress\/wp-content\/uploads\/2015\/01\/SP-web.jpg\"><img loading=\"lazy\" decoding=\"async\" class=\"alignnone size-large wp-image-258\" src=\"https:\/\/www.zss1.strefa.pl\/wpress\/wp-content\/uploads\/2015\/01\/SP-web-1024x577.jpg\" alt=\"\" width=\"670\" height=\"378\" srcset=\"https:\/\/www.zss1.strefa.pl\/wpress\/wp-content\/uploads\/2015\/01\/SP-web-1024x577.jpg 1024w, https:\/\/www.zss1.strefa.pl\/wpress\/wp-content\/uploads\/2015\/01\/SP-web-300x169.jpg 300w, https:\/\/www.zss1.strefa.pl\/wpress\/wp-content\/uploads\/2015\/01\/SP-web.jpg 1776w\" sizes=\"auto, (max-width: 670px) 100vw, 670px\" \/><\/a><\/p>\n<p style=\"text-align: justify\">Szko\u0142a Podstawowa nr 16 swoje dzia\u0142ania edukacyjne, terapeutyczne, wychowawcze i opieku\u0144cze adresuje do uczni\u00f3w z niepe\u0142nosprawno\u015bci\u0105 intelektualn\u0105 w stopniu lekkim, umiarkowanym i znacznym oraz sprz\u0119\u017ceniami, w stosunku do kt\u00f3rych Poradnie Psychologiczno \u2013 Pedagogiczne orzek\u0142y potrzeb\u0119 kszta\u0142cenia specjalnego oraz posiadaj\u0105 skierowanie Prezydenta Miasta Zielona G\u00f3ra do kszta\u0142cenia specjalnego w SP 16 w Zespole Szk\u00f3\u0142 Specjalnych nr 1\u00a0 w Zielonej G\u00f3rze..<\/p>\n<p style=\"text-align: justify\">Naszym celem jest wspomaganie wszechstronnego i harmonijnego rozwoju dzieci oraz przygotowanie uczni\u00f3w do uczestnictwa w \u017cyciu spo\u0142ecznym i kulturalnym zgodnie z ich mo\u017cliwo\u015bciami.<\/p>\n<p style=\"text-align: justify\">Program nauczania dostosowany jest do mo\u017cliwo\u015bci intelektualnych dzieci, s\u0142u\u017cy usprawnieniu niezaburzonych funkcji psychicznych i fizycznych, korygowaniu nieprawid\u0142owo\u015bci rozwojowych i rozwijaniu uzdolnie\u0144 uczni\u00f3w.<\/p>\n<p style=\"text-align: justify\">Organizacja procesu dydaktyczno- wychowawczego obejmuje 2 etapy. Pierwszym etapem edukacyjnym, dla dzieci z lekk\u0105 niepe\u0142nosprawno\u015bci\u0105 intelektualn\u0105, jest kszta\u0142cenie zintegrowane w klasach I- III. Opr\u00f3cz ca\u0142o\u015bciowego nauczania, uczniowie klas m\u0142odszych ucz\u0105 si\u0119 j\u0119zyka niemieckiego.<\/p>\n<p style=\"text-align: justify\">Klasy IV- VI dla uczni\u00f3w z niepe\u0142nosprawno\u015bci\u0105 intelektualn\u0105 w stopniu lekkim\u00a0 realizuj\u0105 tre\u015bci programowe w ramach nast\u0119puj\u0105cych przedmiot\u00f3w:<\/p>\n<p>&#8211; j\u0119zyk polski,<br \/>\n&#8211; matematyka,<br \/>\n&#8211; j\u0119zyk niemiecki,<br \/>\n&#8211; przyroda,<br \/>\n&#8211; historia,<br \/>\n&#8211; zaj\u0119cia komputerowe<br \/>\n&#8211; muzyka,<br \/>\n&#8211; plastyka,<br \/>\n&#8211; technika,<br \/>\n&#8211; wychowanie fizyczne,<br \/>\n&#8211; religia<\/p>\n<p>Klasy VII &#8211; VIII\u00a0dla uczni\u00f3w z niepe\u0142nosprawno\u015bci\u0105 intelektualn\u0105 w stopniu lekkim\u00a0 realizuj\u0105 tre\u015bci programowe w ramach nast\u0119puj\u0105cych przedmiot\u00f3w:<\/p>\n<p>-j\u0119zyk polski,<br \/>\n&#8211; matematyka,<br \/>\n&#8211; j\u0119zyk niemiecki,<br \/>\n&#8211; biologia,<br \/>\n-chemia<br \/>\n&#8211; historia,<br \/>\n&#8211; fizyka,<br \/>\n&#8211; informatyka,<br \/>\n&#8211; muzyka,<br \/>\n&#8211; plastyka,<br \/>\n&#8211; edukacja dla bezpiecze\u0144stwa,<br \/>\n&#8211; wiedza o spo\u0142ecze\u0144stwie<br \/>\n&#8211; wychowanie fizyczne,<br \/>\n&#8211; religia<\/p>\n<p style=\"text-align: justify\">Dzieci z niepe\u0142nosprawno\u015bci\u0105 intelektualn\u0105 w stopniu umiarkowanym i znacznym rozpoczynaj\u0105 nauk\u0119 w zespo\u0142ach edukacyjno \u2013terapeutycznych.<\/p>\n<p style=\"text-align: justify\">Etap pierwszy obejmuje klasy I-III. W tym czasie praca dydaktyczno \u2013 wychowawcza koncentruje si\u0119 na kszta\u0142towaniu zaradno\u015bci dziecka, na wyrabianiu umiej\u0119tno\u015bci wsp\u00f3\u0142\u017cycia w grupie i w \u015brodowisku, na kszta\u0142towaniu i rozwijaniu mowy, umiej\u0119tno\u015bci tw\u00f3rczych oraz podstawowej sprawno\u015bci fizycznej ucznia. W pierwszym etapie nauczania wprowadza si\u0119 r\u00f3wnie\u017c pewne elementy \u0107wicze\u0144 przygotowuj\u0105cych do nauki czytania i pisania oraz elementy poj\u0119\u0107 matematycznych.<\/p>\n<p style=\"text-align: justify\">Drugi etap edukacyjny obejmuje klasy IV &#8211; VIII. Etap ten nadal s\u0142u\u017cy kszta\u0142towaniu zaradno\u015bci dziecka jak r\u00f3wnie\u017c zachowa\u0144 spo\u0142ecznych.<\/p>\n<p style=\"text-align: justify\">W zespo\u0142ach edukacyjno &#8211; terapeutycznych dzieci nabywaj\u0105 nowe umiej\u0119tno\u015bci, wiadomo\u015bci i nawyki w ramach nast\u0119puj\u0105cych przedmiot\u00f3w:<\/p>\n<p style=\"text-align: justify\">&#8211; funkcjonowanie osobiste i spo\u0142eczne<br \/>\n&#8211; zaj\u0119cia rozwijaj\u0105ce kreatywno\u015b\u0107<br \/>\n&#8211; zaj\u0119cia rozwijaj\u0105ce komunikowanie si\u0119<br \/>\n&#8211; wychowanie fizyczne,<br \/>\n&#8211; religia.<\/p>\n<p style=\"text-align: justify\">Dla ka\u017cdego ucznia zesp\u00f3\u0142 nauczycieli i terapeut\u00f3w, w oparciu o przeprowadzon\u0105 diagnoz\u0119 funkcjonaln\u0105, przygotowuje wielospecjalistyczn\u0105 ocen\u0119 funkcjonowania ucznia oraz Indywidualny Program Edukacyjno \u2013 Terapeutyczny.<\/p>\n<p style=\"text-align: justify\">Wszyscy uczniowie naszej szko\u0142y maj\u0105 mo\u017cliwo\u015b\u0107 uczestniczenia w wielu specjalistycznych terapiach, stymuluj\u0105cych ich rozw\u00f3j. S\u0105 to:<\/p>\n<p>&#8211; terapia EEG Biofeedback,<br \/>\n&#8211; terapia metod\u0105 RSA Biofeedback<br \/>\n&#8211; integracja sensoryczna,<br \/>\n&#8211; zaj\u0119cia w sali do\u015bwiadczania \u015bwiata,<br \/>\n&#8211; zaj\u0119cia logopedyczne,<br \/>\n&#8211; terapia metod\u0105 Tomatisa,<br \/>\n&#8211; terapia metod\u0105 Warnkego,<br \/>\n&#8211; gimnastyka korekcyjna,<br \/>\n&#8211; zaj\u0119cia korekcyjno \u2013kompensacyjne,<br \/>\n&#8211; usprawnianie manualne,<br \/>\n&#8211; hipoterapia,<br \/>\n&#8211; zaj\u0119cia dla dzieci niewidomych i s\u0142abo widz\u0105cych<\/p>\n<p>Ponadto szko\u0142a proponuje uczniom wsparcie i pomoc psychologa i pedagoga szkolnego oraz piel\u0119gniarki.<\/p>\n<p>Uczniowie mog\u0105 rozwija\u0107 swoje zainteresowania w licznych zaj\u0119ciach pozalekcyjnych, m.in.:<\/p>\n<ul>\n<li>ko\u0142o komputerowe,<\/li>\n<li>ko\u0142o ceramiczne,<\/li>\n<li>ko\u0142o plastyczne,<\/li>\n<li>zesp\u00f3\u0142 muzyczny,<\/li>\n<li>ko\u0142o hip-hop<\/li>\n<li>SKS,<\/li>\n<li>ko\u0142o teatralne &#8211; teatrzyk szkolny \u201eJedyneczka\u201d<\/li>\n<li>ko\u0142o r\u0119kodzie\u0142a artystycznego,<\/li>\n<li>zesp\u00f3\u0142 taneczny \u201eBachusiaki\u201d i inne.<\/li>\n<\/ul>\n<p style=\"text-align: justify\">Szko\u0142a umo\u017cliwia uczniom dzia\u0142alno\u015b\u0107 w Samorz\u0105dzie Uczniowskim, Klubie Wolontariusza, Dru\u017cynie Harcerskiej, PCK.<\/p>\n<p style=\"text-align: justify\">Uczniowie Szko\u0142y Podstawowej nr 16 bior\u0105 udzia\u0142 w licznych konkursach, zawodach, przegl\u0105dach, itp. zdobywaj\u0105c wyr\u00f3\u017cnienia i nagrody.<\/p>\n<p style=\"text-align: justify\">Plac\u00f3wka dysponuje pracowni\u0105 gospodarstwa domowego, techniczn\u0105 i ceramiczn\u0105. Posiadamy bogato wyposa\u017con\u0105 sal\u0119 do\u015bwiadczania \u015bwiata oraz sal\u0119 integracji sensorycznej.<\/p>\n<p style=\"text-align: justify\">Uczniowie mog\u0105 korzysta\u0107 r\u00f3wnie\u017c z sali gimnastycznej, si\u0142owni oraz boiska szkolnego. W szkole dzia\u0142aj\u0105 dwie pracownie komputerowe, z nowoczesnym sprz\u0119tem i dost\u0119pem do Internetu.<\/p>\n<p style=\"text-align: justify\">Mi\u0142o\u015bnik\u00f3w ksi\u0105\u017cek zaprasza szkolna biblioteka.<\/p>\n<p style=\"text-align: justify\">Szko\u0142a wyposa\u017cona jest r\u00f3wnie\u017c w niezb\u0119dne pomoce, do nauczaniu dzieci niewidomych i niedowidz\u0105cych.<\/p>\n<p style=\"text-align: justify\">Uczniowie nasi maj\u0105 mo\u017cliwo\u015b\u0107 uczestniczenia w obozach organizowanych, w ramach wymiany mi\u0119dzynarodowej oraz w 2 tygodniowym turnusie rehabilitacyjnym (w o\u015brodkach nad morzem lub jeziorem).<\/p>\n<p style=\"text-align: justify\">Rodzice aktywni zawodowo maj\u0105 mo\u017cliwo\u015b\u0107 powierzenia swych pociech \u015bwietlicy szkolnej, gdzie mog\u0105 atrakcyjne sp\u0119dzi\u0107 czas. Szkolna sto\u0142\u00f3wka zapewnia uczniom smaczne posi\u0142ki.<\/p>\n<p style=\"text-align: justify\">Szko\u0142a Podstawowa nr 16 to szko\u0142a, kt\u00f3ra proponuje uczniom: ma\u0142o liczne oddzia\u0142y, kameralne warunki nauki, atmosfer\u0119 \u017cyczliwo\u015bci i pe\u0142nej akceptacji dziecka, ciekawe zaj\u0119cia edukacyjne (tak\u017ce w terenie), specjalistyczne terapie oraz wiele imprez integracyjnych (r\u00f3wnie\u017c ze \u015brodowiskiem lokalnym).<\/p>\n<p style=\"text-align: justify\">Prowadzimy tak\u017ce, zgodnie z odr\u0119bnymi przepisami, zaj\u0119cia rewalidacyjno-wychowawcze dla dzieci z g\u0142\u0119bok\u0105 niepe\u0142nosprawno\u015bci\u0105 intelektualn\u0105 .<\/p>\n","protected":false},"excerpt":{"rendered":"<p>Szko\u0142a Podstawowa nr 16 swoje dzia\u0142ania edukacyjne, terapeutyczne, wychowawcze i opieku\u0144cze adresuje do uczni\u00f3w z niepe\u0142nosprawno\u015bci\u0105 intelektualn\u0105 w stopniu lekkim, umiarkowanym i znacznym oraz sprz\u0119\u017ceniami, w stosunku do kt\u00f3rych Poradnie Psychologiczno \u2013 Pedagogiczne orzek\u0142y potrzeb\u0119 kszta\u0142cenia specjalnego oraz posiadaj\u0105 skierowanie <a href=\"https:\/\/www.zss1.strefa.pl\/wpress\/?page_id=375\" class=\"read-more\">Read More &#8230;<\/a><\/p>\n","protected":false},"author":1,"featured_media":0,"parent":373,"menu_order":1,"comment_status":"closed","ping_status":"closed","template":"","meta":{"footnotes":""},"class_list":["post-375","page","type-page","status-publish","hentry"],"_links":{"self":[{"href":"https:\/\/www.zss1.strefa.pl\/wpress\/index.php?rest_route=\/wp\/v2\/pages\/375","targetHints":{"allow":["GET"]}}],"collection":[{"href":"https:\/\/www.zss1.strefa.pl\/wpress\/index.php?rest_route=\/wp\/v2\/pages"}],"about":[{"href":"https:\/\/www.zss1.strefa.pl\/wpress\/index.php?rest_route=\/wp\/v2\/types\/page"}],"author":[{"embeddable":true,"href":"https:\/\/www.zss1.strefa.pl\/wpress\/index.php?rest_route=\/wp\/v2\/users\/1"}],"replies":[{"embeddable":true,"href":"https:\/\/www.zss1.strefa.pl\/wpress\/index.php?rest_route=%2Fwp%2Fv2%2Fcomments&post=375"}],"version-history":[{"count":23,"href":"https:\/\/www.zss1.strefa.pl\/wpress\/index.php?rest_route=\/wp\/v2\/pages\/375\/revisions"}],"predecessor-version":[{"id":15740,"href":"https:\/\/www.zss1.strefa.pl\/wpress\/index.php?rest_route=\/wp\/v2\/pages\/375\/revisions\/15740"}],"up":[{"embeddable":true,"href":"https:\/\/www.zss1.strefa.pl\/wpress\/index.php?rest_route=\/wp\/v2\/pages\/373"}],"wp:attachment":[{"href":"https:\/\/www.zss1.strefa.pl\/wpress\/index.php?rest_route=%2Fwp%2Fv2%2Fmedia&parent=375"}],"curies":[{"name":"wp","href":"https:\/\/api.w.org\/{rel}","templated":true}]}}