{"id":787,"date":"2015-06-12T11:59:54","date_gmt":"2015-06-12T09:59:54","guid":{"rendered":"http:\/\/www.zss1.strefa.pl\/wpress\/?page_id=787"},"modified":"2024-04-30T12:00:14","modified_gmt":"2024-04-30T10:00:14","slug":"tomatis","status":"publish","type":"page","link":"https:\/\/www.zss1.strefa.pl\/wpress\/?page_id=787","title":{"rendered":"Terapia metod\u0105 Tomatisa"},"content":{"rendered":"\n<p class=\"has-text-align-left\">Terapia metod\u0105 Tomatisa jest metod\u0105 treningu s\u0142uchowego przeprowadzanego za pomoc\u0105 specjalistycznego urz\u0105dzenia. Sk\u0142adaj\u0105 si\u0119 na ni\u0105 3 sesje s\u0142uchania specjalnie przygotowanego materia\u0142u d\u017awi\u0119kowego.<\/p>\n\n\n\n<figure class=\"wp-block-image\"><img loading=\"lazy\" decoding=\"async\" width=\"1024\" height=\"768\" src=\"https:\/\/www.zss1.strefa.pl\/wpress\/wp-content\/uploads\/2019\/03\/P1010004-1024x768.jpg\" alt=\"\" class=\"wp-image-4348\" srcset=\"https:\/\/www.zss1.strefa.pl\/wpress\/wp-content\/uploads\/2019\/03\/P1010004-1024x768.jpg 1024w, https:\/\/www.zss1.strefa.pl\/wpress\/wp-content\/uploads\/2019\/03\/P1010004-300x225.jpg 300w, https:\/\/www.zss1.strefa.pl\/wpress\/wp-content\/uploads\/2019\/03\/P1010004-768x576.jpg 768w, https:\/\/www.zss1.strefa.pl\/wpress\/wp-content\/uploads\/2019\/03\/P1010004-655x491.jpg 655w\" sizes=\"auto, (max-width: 1024px) 100vw, 1024px\" \/><figcaption class=\"wp-element-caption\">OLYMPUS DIGITAL CAMERA<\/figcaption><\/figure>\n\n\n\n<p>Terapia metod\u0105 Tomatisa przeznaczona jest dla os\u00f3b, u kt\u00f3rych zdiagnozowano zaburzenia uwagi s\u0142uchowej i lateralizacji s\u0142uchowej. \u0179r\u00f3d\u0142o zaburze\u0144 uwagi s\u0142uchowej mo\u017ce le\u017ce\u0107 ju\u017c we wczesnym dzieci\u0144stwie. Powstaniu tego typu zaburze\u0144 mog\u0105 sprzyja\u0107 mi\u0119dzy innymi: cz\u0119ste lub przewlek\u0142e zapalenia uszu, silne prze\u017cycia emocjonalne, wyst\u0119puj\u0105ce schorzenia neurologiczne, autyzm, silne stresy, relacje w domu rodzinnym.<\/p>\n\n\n\n<p>Objawy mog\u0105ce\nsugerowa\u0107 istnienie u danej osoby zaburze\u0144 uwagi s\u0142uchowej to np. zaburzenia\nkoncentracji uwagi, nadwra\u017cliwo\u015b\u0107 na d\u017awi\u0119ki, b\u0142\u0119dna interpretacja pyta\u0144,\nmonotonny g\u0142os, ubogie s\u0142ownictwo, trudno\u015bci z czytaniem i pisaniem, s\u0142aba\nkoordynacja ruchowa, wzrokowo-s\u0142uchowo-ruchowa, mylenie strony lewej i prawej,\nm\u0119czliwo\u015b\u0107, nadaktywno\u015b\u0107, nadwra\u017cliwo\u015b\u0107 emocjonalna, dra\u017cliwo\u015b\u0107 czy brak wiary\nw siebie.<\/p>\n\n\n\n<p>Niezwykle wa\u017cn\u0105\nrol\u0119 w procesie s\u0142uchania odgrywa tzw. lateralizacja s\u0142uchowa poniewa\u017c prawe\nucho s\u0142ucha w nieco inny spos\u00f3b ni\u017c ucho lewe. Zwi\u0105zane jest to przede\nwszystkim z tym, i\u017c prawa i lewa p\u00f3\u0142kula naszego m\u00f3zgu odpowiadaj\u0105 za inne\numiej\u0119tno\u015bci. U wi\u0119kszo\u015bci os\u00f3b w lewej p\u00f3\u0142\u0142uki umiejscowione sa o\u015brodki mowy\ntu r\u00f3wnie\u017c nast\u0119puje przetwarzanie i porz\u0105dkowanie informacji. Natomiast prawa\np\u00f3\u0142kula odpowiada za ca\u0142o\u015bciowe ujmowanie poj\u0119\u0107, wyobra\u017ani\u0119 przestrzenn\u0105,\npercepcj\u0119 muzyki oraz emocje. Prawid\u0142ow\u0105, fizjologiczn\u0105 lateralizacj\u0105 jest\nlateralizacja prawouszna.<\/p>\n\n\n\n<p>Trening metod\u0105 Tomatisa oparty jest na zasadzie plastyczno\u015bci OUN pod wp\u0142ywem bod\u017ac\u00f3w. Plastyczno\u015b\u0107 ta polega na dostosowywaniu si\u0119 uk\u0142adu do nowych warunk\u00f3w zewn\u0119trznych przejmowaniu pewnych czynno\u015bci przez inne, nieuszkodzone kom\u00f3rki nerwowe lub tworzeniem si\u0119 nowych po\u0142\u0105cze\u0144 neuronalnych pod wp\u0142ywem bod\u017ac\u00f3w d\u017awi\u0119kowych. <\/p>\n\n\n\n<p>Prowadzenie\nterapii poprzedza diagnoza wykonywana za pomoc\u0105 obiektywnej aparatury\nspecjalistycznej oraz testy dodatkowe. Podczas prowadzonej stymulacji\nwykorzystywany jest materia\u0142 d\u017awi\u0119kowy &#8211; muzyka Mozarta, chora\u0142y gregoria\u0144skie,\nwalce i muzyka wokalna.<\/p>\n\n\n\n<p>Terapia polega na\ns\u0142uchaniu materia\u0142u d\u017awi\u0119kowego przez specjalne s\u0142uchawki, gdzie d\u017awi\u0119ki s\u0105\npodawane jednocze\u015bnie drog\u0105 powietrzn\u0105 i kostn\u0105. Program stymulacji obejmuje\nzazwyczaj od 120 &#8211; 140 seans\u00f3w przeprowadzanych w trzech sesjach. Jeden seans\nto 30 minut. Dziennie odbywa si\u0119 od 6-8 seans\u00f3w.<\/p>\n\n\n\n<p>Rozk\u0142ad sesji ma\nnajcz\u0119\u015bciej nast\u0119puj\u0105cy przebieg:<\/p>\n\n\n\n<ul class=\"wp-block-list\">\n<li>Diagnoza wst\u0119pna, wywiad z rodzicami\/opiekunami<\/li>\n\n\n\n<li>Pierwsza sesja (60 -70 seans\u00f3w)\u00a0 &#8211;\u00a0 kilkutygodniowa przerwa,\u00a0 diagnoza kontrolna,<\/li>\n\n\n\n<li>Druga sesja\u00a0 (40 seans\u00f3w)\u00a0 kilkutygodniowa przerwa, diagnoza kontrolna,<\/li>\n\n\n\n<li>Trzecia sesja (30 seans\u00f3w ).<\/li>\n\n\n\n<li>Diagnoza kontrolna 6 miesi\u0119cy po zako\u0144czeniu stymulacji.<\/li>\n<\/ul>\n\n\n\n<p><\/p>\n\n\n\n<p>mgr Beata Grzybowska <br>mgr Lidia Sucholas <\/p>\n","protected":false},"excerpt":{"rendered":"<p>Terapia metod\u0105 Tomatisa jest metod\u0105 treningu s\u0142uchowego przeprowadzanego za pomoc\u0105 specjalistycznego urz\u0105dzenia. Sk\u0142adaj\u0105 si\u0119 na ni\u0105 3 sesje s\u0142uchania specjalnie przygotowanego materia\u0142u d\u017awi\u0119kowego. Terapia metod\u0105 Tomatisa przeznaczona jest dla os\u00f3b, u kt\u00f3rych zdiagnozowano zaburzenia uwagi s\u0142uchowej i lateralizacji s\u0142uchowej. \u0179r\u00f3d\u0142o <a href=\"https:\/\/www.zss1.strefa.pl\/wpress\/?page_id=787\" class=\"read-more\">Read More &#8230;<\/a><\/p>\n","protected":false},"author":1,"featured_media":0,"parent":769,"menu_order":3,"comment_status":"closed","ping_status":"closed","template":"","meta":{"footnotes":""},"class_list":["post-787","page","type-page","status-publish","hentry"],"_links":{"self":[{"href":"https:\/\/www.zss1.strefa.pl\/wpress\/index.php?rest_route=\/wp\/v2\/pages\/787","targetHints":{"allow":["GET"]}}],"collection":[{"href":"https:\/\/www.zss1.strefa.pl\/wpress\/index.php?rest_route=\/wp\/v2\/pages"}],"about":[{"href":"https:\/\/www.zss1.strefa.pl\/wpress\/index.php?rest_route=\/wp\/v2\/types\/page"}],"author":[{"embeddable":true,"href":"https:\/\/www.zss1.strefa.pl\/wpress\/index.php?rest_route=\/wp\/v2\/users\/1"}],"replies":[{"embeddable":true,"href":"https:\/\/www.zss1.strefa.pl\/wpress\/index.php?rest_route=%2Fwp%2Fv2%2Fcomments&post=787"}],"version-history":[{"count":7,"href":"https:\/\/www.zss1.strefa.pl\/wpress\/index.php?rest_route=\/wp\/v2\/pages\/787\/revisions"}],"predecessor-version":[{"id":19470,"href":"https:\/\/www.zss1.strefa.pl\/wpress\/index.php?rest_route=\/wp\/v2\/pages\/787\/revisions\/19470"}],"up":[{"embeddable":true,"href":"https:\/\/www.zss1.strefa.pl\/wpress\/index.php?rest_route=\/wp\/v2\/pages\/769"}],"wp:attachment":[{"href":"https:\/\/www.zss1.strefa.pl\/wpress\/index.php?rest_route=%2Fwp%2Fv2%2Fmedia&parent=787"}],"curies":[{"name":"wp","href":"https:\/\/api.w.org\/{rel}","templated":true}]}}