{"id":791,"date":"2015-06-12T12:01:09","date_gmt":"2015-06-12T10:01:09","guid":{"rendered":"http:\/\/www.zss1.strefa.pl\/wpress\/?page_id=791"},"modified":"2024-04-30T12:06:29","modified_gmt":"2024-04-30T10:06:29","slug":"warnke","status":"publish","type":"page","link":"https:\/\/www.zss1.strefa.pl\/wpress\/?page_id=791","title":{"rendered":"Terapia metod\u0105 Warnkego"},"content":{"rendered":"<p>Metoda terapeutyczna, opracowana przez Freda Warnke, przeznaczona dla os\u00f3b z trudno\u015bciami w czytaniu, pisaniu i m\u00f3wieniu. G\u0142\u00f3wnym celem tej metody jest pomoc dzieciom z trudno\u015bciami w uczeniu si\u0119,\u00a0osobom z dysleksj\u0105 oraz\u00a0 jako wsparcie w terapii logopedycznej lub nauce j\u0119zyk\u00f3w obcych.<\/p>\n<p>Kluczowe za\u0142o\u017cenia tej metody to:<\/p>\n<ul>\n<li>automatyzacja przetwarzania w obszarze spostrze\u017ce\u0144 wzrokowych, s\u0142uchowych i umiej\u0119tno\u015bci motorycznych, (\u0107wiczenia za pomoc\u0105 urz\u0105dzenia Brain-Boy-Universal)<\/li>\n<li>automatyzacja koordynacji p\u00f3\u0142kul m\u00f3zgowych\u00a0(\u0107wiczenia za pomoc\u0105 urz\u0105dzenia Lateral-Trainer-Professional),<\/li>\n<li>rozw\u00f3j i automatyzacja &#8222;j\u0119zyka wzrokowego&#8221;<\/li>\n<\/ul>\n<p>Typowy trening sk\u0142ada si\u0119 z nast\u0119puj\u0105cych etap\u00f3w:<\/p>\n<ul>\n<li>trening automatyzacji funkcji podstawowych &#8211;\u00a0do \u0107wicze\u0144 s\u0142u\u017cy zestaw program\u00f3w treningowych przypominaj\u0105cych gry, kt\u00f3re usprawniaj\u0105 podstawowe funkcje przetwarzania spostrze\u017ce\u0144 s\u0142uchowych, wzrokowych i funkcji ruchowych,<\/li>\n<li>trening lateralny &#8211; podzielony na 3\u00a0etapy: s\u0142uchanie tekst\u00f3w zlateralizowanych,\u00a0samodzielne czytanie oraz czytanie synchroniczne. Charakterystyczne dla tej fazy jest cykliczne przemieszczanie si\u0119 d\u017awi\u0119ku z jednej strony na drug\u0105 w s\u0142uchawkach \u0107wicz\u0105cego.<\/li>\n<\/ul>\n<p>Jako uzupe\u0142nienie treningu stosuje si\u0119 \u0107wiczenia koordynacji oko-r\u0119ka (za pomoc\u0105 dr\u0105\u017cka do balansowania), \u0107wiczenia literowania wzrokowego, \u0107wiczenia pami\u0119ci kr\u00f3tkotrwa\u0142ej, \u0107wiczenia selektywno\u015bci percepcji i inne.<\/p>\n\n<div class=\"wp-block-image\">\n<figure class=\"aligncenter size-large is-resized\"><a href=\"https:\/\/www.zss1.strefa.pl\/wpress\/wp-content\/uploads\/2024\/01\/Warnke-2.jpg\"><img loading=\"lazy\" decoding=\"async\" width=\"1024\" height=\"768\" src=\"https:\/\/www.zss1.strefa.pl\/wpress\/wp-content\/uploads\/2024\/01\/Warnke-2-1024x768.jpg\" alt=\"\" class=\"wp-image-18829\" style=\"width:501px;height:auto\" srcset=\"https:\/\/www.zss1.strefa.pl\/wpress\/wp-content\/uploads\/2024\/01\/Warnke-2-1024x768.jpg 1024w, https:\/\/www.zss1.strefa.pl\/wpress\/wp-content\/uploads\/2024\/01\/Warnke-2-300x225.jpg 300w, https:\/\/www.zss1.strefa.pl\/wpress\/wp-content\/uploads\/2024\/01\/Warnke-2-768x576.jpg 768w, https:\/\/www.zss1.strefa.pl\/wpress\/wp-content\/uploads\/2024\/01\/Warnke-2-1536x1152.jpg 1536w, https:\/\/www.zss1.strefa.pl\/wpress\/wp-content\/uploads\/2024\/01\/Warnke-2-360x270.jpg 360w, https:\/\/www.zss1.strefa.pl\/wpress\/wp-content\/uploads\/2024\/01\/Warnke-2.jpg 1815w\" sizes=\"auto, (max-width: 1024px) 100vw, 1024px\" \/><\/a><\/figure>\n<\/div>\n\n\n<p>mgr Joanna Rupi\u0144ska <\/p>\n","protected":false},"excerpt":{"rendered":"<p>Metoda terapeutyczna, opracowana przez Freda Warnke, przeznaczona dla os\u00f3b z trudno\u015bciami w czytaniu, pisaniu i m\u00f3wieniu. G\u0142\u00f3wnym celem tej metody jest pomoc dzieciom z trudno\u015bciami w uczeniu si\u0119,\u00a0osobom z dysleksj\u0105 oraz\u00a0 jako wsparcie w terapii logopedycznej lub nauce j\u0119zyk\u00f3w obcych. <a href=\"https:\/\/www.zss1.strefa.pl\/wpress\/?page_id=791\" class=\"read-more\">Read More &#8230;<\/a><\/p>\n","protected":false},"author":1,"featured_media":0,"parent":769,"menu_order":6,"comment_status":"closed","ping_status":"closed","template":"","meta":{"footnotes":""},"class_list":["post-791","page","type-page","status-publish","hentry"],"_links":{"self":[{"href":"https:\/\/www.zss1.strefa.pl\/wpress\/index.php?rest_route=\/wp\/v2\/pages\/791","targetHints":{"allow":["GET"]}}],"collection":[{"href":"https:\/\/www.zss1.strefa.pl\/wpress\/index.php?rest_route=\/wp\/v2\/pages"}],"about":[{"href":"https:\/\/www.zss1.strefa.pl\/wpress\/index.php?rest_route=\/wp\/v2\/types\/page"}],"author":[{"embeddable":true,"href":"https:\/\/www.zss1.strefa.pl\/wpress\/index.php?rest_route=\/wp\/v2\/users\/1"}],"replies":[{"embeddable":true,"href":"https:\/\/www.zss1.strefa.pl\/wpress\/index.php?rest_route=%2Fwp%2Fv2%2Fcomments&post=791"}],"version-history":[{"count":7,"href":"https:\/\/www.zss1.strefa.pl\/wpress\/index.php?rest_route=\/wp\/v2\/pages\/791\/revisions"}],"predecessor-version":[{"id":19474,"href":"https:\/\/www.zss1.strefa.pl\/wpress\/index.php?rest_route=\/wp\/v2\/pages\/791\/revisions\/19474"}],"up":[{"embeddable":true,"href":"https:\/\/www.zss1.strefa.pl\/wpress\/index.php?rest_route=\/wp\/v2\/pages\/769"}],"wp:attachment":[{"href":"https:\/\/www.zss1.strefa.pl\/wpress\/index.php?rest_route=%2Fwp%2Fv2%2Fmedia&parent=791"}],"curies":[{"name":"wp","href":"https:\/\/api.w.org\/{rel}","templated":true}]}}