{"id":793,"date":"2015-06-12T12:02:50","date_gmt":"2015-06-12T10:02:50","guid":{"rendered":"http:\/\/www.zss1.strefa.pl\/wpress\/?page_id=793"},"modified":"2024-04-30T12:06:10","modified_gmt":"2024-04-30T10:06:10","slug":"integracja-sensoryczna","status":"publish","type":"page","link":"https:\/\/www.zss1.strefa.pl\/wpress\/?page_id=793","title":{"rendered":"Integracja sensoryczna"},"content":{"rendered":"<p><span style=\"color: #000000;font-family: Calibri\">TERAPIA\u00a0 METOD\u0104\u00a0 INTEGRACJI\u00a0 SENSORYCZNEJ<\/span><\/p>\n<p style=\"text-align: justify\"><span style=\"color: #000000;font-family: Calibri\">Terapia\u00a0 zaburze\u0144\u00a0 Integracji\u00a0 Sensorycznej\u00a0 polega\u00a0 na\u00a0 takim\u00a0 stymulowaniu\u00a0 uk\u0142adu\u00a0 nerwowego, <\/span><span style=\"color: #000000;font-family: Calibri\">aby da\u0107 mo\u017cliwo\u015b\u0107 w\u0142a\u015bciwej pracy, czyli prawid\u0142owego odbierania, przetwarzania i\u00a0 odpowiedzi\u00a0 na bod\u017ace p\u0142yn\u0105ce ze \u015brodowiska i z naszego cia\u0142a.<\/span><\/p>\n<p style=\"text-align: justify\"><span style=\"color: #000000;font-family: Calibri\">Terapia odbywa si\u0119\u00a0 w specjalnie wyposa\u017conej sali\u00a0 terapeutycznej, kt\u00f3rej najwa\u017cniejsz\u0105 cz\u0119\u015bci\u0105 jest sprz\u0119t podwieszany. S\u0142u\u017cy on do\u00a0 stymulowania uk\u0142adu przedsionkowego i prioprioceptywnego. Terapia\u00a0 prowadzona jest w formie zabawy, dostosowana jest do indywidualnych potrzeb dziecka.<\/span><\/p>\n<p style=\"text-align: justify\"><span style=\"color: #000000;font-family: Calibri\">Celem zaj\u0119\u0107 prowadzonych metod\u0105 SI\u00a0 dla dzieci z niepe\u0142nosprawno\u015bci\u0105 umys\u0142ow\u0105\u00a0 jest: <\/span><br \/>\n<span style=\"color: #000000;font-family: Calibri\">&#8211; pobudzanie zmys\u0142\u00f3w<\/span><br \/>\n<span style=\"color: #000000;font-family: Calibri\">&#8211; integracja zmys\u0142owo-ruchowa<\/span><br \/>\n<span style=\"color: #000000;font-family: Calibri\">&#8211; wypracowanie somatognozji -czucia i \u015bwiadomo\u015bci swojego cia\u0142a<\/span><br \/>\n<span style=\"color: #000000;font-family: Calibri\">&#8211; wypracowanie gotowo\u015bci do nauki.<\/span><\/p>\n<p><a href=\"https:\/\/www.zss1.strefa.pl\/wpress\/wp-content\/uploads\/2023\/04\/WhatsApp-Image-2023-04-25-at-08.16.51.jpeg\"><img loading=\"lazy\" decoding=\"async\" class=\" wp-image-17174 aligncenter\" src=\"https:\/\/www.zss1.strefa.pl\/wpress\/wp-content\/uploads\/2023\/04\/WhatsApp-Image-2023-04-25-at-08.16.51-300x239.jpeg\" alt=\"\" width=\"410\" height=\"327\" srcset=\"https:\/\/www.zss1.strefa.pl\/wpress\/wp-content\/uploads\/2023\/04\/WhatsApp-Image-2023-04-25-at-08.16.51-300x239.jpeg 300w, https:\/\/www.zss1.strefa.pl\/wpress\/wp-content\/uploads\/2023\/04\/WhatsApp-Image-2023-04-25-at-08.16.51-1024x817.jpeg 1024w, https:\/\/www.zss1.strefa.pl\/wpress\/wp-content\/uploads\/2023\/04\/WhatsApp-Image-2023-04-25-at-08.16.51-768x613.jpeg 768w, https:\/\/www.zss1.strefa.pl\/wpress\/wp-content\/uploads\/2023\/04\/WhatsApp-Image-2023-04-25-at-08.16.51-1536x1226.jpeg 1536w, https:\/\/www.zss1.strefa.pl\/wpress\/wp-content\/uploads\/2023\/04\/WhatsApp-Image-2023-04-25-at-08.16.51-338x270.jpeg 338w, https:\/\/www.zss1.strefa.pl\/wpress\/wp-content\/uploads\/2023\/04\/WhatsApp-Image-2023-04-25-at-08.16.51.jpeg 1955w\" sizes=\"auto, (max-width: 410px) 100vw, 410px\" \/><\/a><\/p>\n<p>mgr Wioletta D\u0105browska<\/p>\n<p>mgr Agnieszka Eckert<\/p>\n<p>mgr Ma\u0142gorzata Sikorska<\/p>\n","protected":false},"excerpt":{"rendered":"<p>TERAPIA\u00a0 METOD\u0104\u00a0 INTEGRACJI\u00a0 SENSORYCZNEJ Terapia\u00a0 zaburze\u0144\u00a0 Integracji\u00a0 Sensorycznej\u00a0 polega\u00a0 na\u00a0 takim\u00a0 stymulowaniu\u00a0 uk\u0142adu\u00a0 nerwowego, aby da\u0107 mo\u017cliwo\u015b\u0107 w\u0142a\u015bciwej pracy, czyli prawid\u0142owego odbierania, przetwarzania i\u00a0 odpowiedzi\u00a0 na bod\u017ace p\u0142yn\u0105ce ze \u015brodowiska i z naszego cia\u0142a. Terapia odbywa si\u0119\u00a0 w specjalnie wyposa\u017conej <a href=\"https:\/\/www.zss1.strefa.pl\/wpress\/?page_id=793\" class=\"read-more\">Read More &#8230;<\/a><\/p>\n","protected":false},"author":1,"featured_media":0,"parent":769,"menu_order":7,"comment_status":"closed","ping_status":"closed","template":"","meta":{"footnotes":""},"class_list":["post-793","page","type-page","status-publish","hentry"],"_links":{"self":[{"href":"https:\/\/www.zss1.strefa.pl\/wpress\/index.php?rest_route=\/wp\/v2\/pages\/793","targetHints":{"allow":["GET"]}}],"collection":[{"href":"https:\/\/www.zss1.strefa.pl\/wpress\/index.php?rest_route=\/wp\/v2\/pages"}],"about":[{"href":"https:\/\/www.zss1.strefa.pl\/wpress\/index.php?rest_route=\/wp\/v2\/types\/page"}],"author":[{"embeddable":true,"href":"https:\/\/www.zss1.strefa.pl\/wpress\/index.php?rest_route=\/wp\/v2\/users\/1"}],"replies":[{"embeddable":true,"href":"https:\/\/www.zss1.strefa.pl\/wpress\/index.php?rest_route=%2Fwp%2Fv2%2Fcomments&post=793"}],"version-history":[{"count":10,"href":"https:\/\/www.zss1.strefa.pl\/wpress\/index.php?rest_route=\/wp\/v2\/pages\/793\/revisions"}],"predecessor-version":[{"id":19473,"href":"https:\/\/www.zss1.strefa.pl\/wpress\/index.php?rest_route=\/wp\/v2\/pages\/793\/revisions\/19473"}],"up":[{"embeddable":true,"href":"https:\/\/www.zss1.strefa.pl\/wpress\/index.php?rest_route=\/wp\/v2\/pages\/769"}],"wp:attachment":[{"href":"https:\/\/www.zss1.strefa.pl\/wpress\/index.php?rest_route=%2Fwp%2Fv2%2Fmedia&parent=793"}],"curies":[{"name":"wp","href":"https:\/\/api.w.org\/{rel}","templated":true}]}}