{"id":795,"date":"2015-06-12T12:03:33","date_gmt":"2015-06-12T10:03:33","guid":{"rendered":"http:\/\/www.zss1.strefa.pl\/wpress\/?page_id=795"},"modified":"2024-04-30T12:04:00","modified_gmt":"2024-04-30T10:04:00","slug":"sala-doswiadczania-swiata","status":"publish","type":"page","link":"https:\/\/www.zss1.strefa.pl\/wpress\/?page_id=795","title":{"rendered":"Sala do\u015bwiadczania \u015bwiata"},"content":{"rendered":"<p style=\"text-align: left\" align=\"right\"><em><span style=\"color: #000000;font-family: Times New Roman\">opracowa\u0142a: mgr Wioleta Sajn\u00f3g<\/span><\/em><\/p>\n<p style=\"text-align: justify\">Sala Do\u015bwiadczania \u015awiata jest elementem wieloprofilowej, kompleksowej metody usprawniania dzieci i m\u0142odzie\u017cy, znanej za granic\u0105, pod nazw\u0105 Snoezelen. To zasada pracy zgodna z filozofi\u0105 \u201epozwalam wszystkim bod\u017acom dochodzi\u0107 do mnie\u201d. Sala ta to specjalnie wyodr\u0119bnione pomieszczenie wyposa\u017cone w r\u00f3\u017cnorodne urz\u0105dzenia stymuluj\u0105ce rozw\u00f3j zmys\u0142\u00f3w, kt\u00f3re w zale\u017cno\u015bci od potrzeb dostarczaj\u0105 dzieciom r\u00f3\u017cnego rodzaju bod\u017ac\u00f3w.<\/p>\n<p>W Sali odbywa si\u0119 terapia, kt\u00f3ra dostarcza uczestnikom:<\/p>\n<ul>\n<li>Urozmaicon\u0105, ciekaw\u0105 form\u0119 sp\u0119dzania czasu wolnego;<\/li>\n<li>Wprowadza uczestnik\u00f3w w stan relaksacji;<\/li>\n<li>Zwi\u0119ksza aktywno\u015b\u0107 i motywacj\u0119 do poznawania;<\/li>\n<li>Zwi\u0119ksza ch\u0119ci do nawi\u0105zywania kontaktu;<\/li>\n<li>Wywo\u0142uje zadowolenie i poczucie bezpiecze\u0144stwa, u\u0142atwia pokonywanie l\u0119ku;<\/li>\n<li>Zwi\u0119ksza ofert\u0119 poznawanych nowych bod\u017ac\u00f3w;<\/li>\n<li>Zwi\u0119ksza wra\u017cliwo\u015b\u0107;<\/li>\n<li>Powi\u0119ksza baz\u0119 do\u015bwiadcze\u0144;<\/li>\n<li>Rozwija zainteresowania i procesy poznawcze;<\/li>\n<li>Poprawia orientacj\u0119 w schemacie cia\u0142a i przestrzeni;<\/li>\n<li>Stwarza nabieranie \u015bwiadomo\u015bci istnienia.<\/li>\n<\/ul>\n<p style=\"text-align: justify\">Sala Do\u015bwiadczania \u015awiata stwarza warunki do pracy z osobami o r\u00f3\u017cnym stopniu niepe\u0142nosprawno\u015bci, mi\u0119dzy innymi z dzie\u0107mi z pora\u017ceniem m\u00f3zgowym, niewidomymi, czy autystycznymi. Terapia prowadzona w Sali, pozwala na znalezienie nowej drogi docierania do tych, kt\u00f3rym g\u0142\u0119boka niepe\u0142nosprawno\u015b\u0107 umys\u0142owa, czy zaburzenia psychiki nie pozwalaj\u0105 na nawi\u0105zywanie prawid\u0142owej komunikacji z otoczeniem. Metoda ta pomaga dzieciom odbiera\u0107, uporz\u0105dkowa\u0107 i prze\u017cywa\u0107 \u015bwiat.<\/p>\n<p style=\"text-align: justify\">Sala Do\u015bwiadczania \u015awiata proponuje bod\u017ace selektywnie i redukuje te, kt\u00f3re s\u0105 w danym czasie niepotrzebne. Stwarza otoczenie, w kt\u00f3rym mo\u017cliwa jest koncentracja jedynie na postrzeganiu poszczeg\u00f3lnymi zmys\u0142ami.<\/p>\n<p style=\"text-align: justify\">W Sali Do\u015bwiadczania \u015awiata w ramach terapii wspomagaj\u0105cej realizowane s\u0105 trzy rodzaje program\u00f3w: relaksacyjny, usprawniaj\u0105cy i aktywizuj\u0105cy.<\/p>\n<p style=\"text-align: justify\">Idea i filozofia Snoezelen formu\u0142uje nastawienie, kt\u00f3re akceptuje cz\u0142owieka niepe\u0142nosprawnego takim jaki jest, respektuje jego wol\u0119 a proste mo\u017cliwo\u015bci zajmowania si\u0119 czym\u015b uwa\u017ca za warto\u015bciowe. W przeciwie\u0144stwie do wielu sytuacji \u017cycia codziennego, kt\u00f3re zak\u0142adaj\u0105 od niepe\u0142nosprawnego dziecka dostosowanie si\u0119 , Sala stwarza warunki, \u017ce otoczenie jest dopasowane do niego.<\/p>\n<p>mgr Wioleta Sajn\u00f3g<\/p>\n","protected":false},"excerpt":{"rendered":"<p>opracowa\u0142a: mgr Wioleta Sajn\u00f3g Sala Do\u015bwiadczania \u015awiata jest elementem wieloprofilowej, kompleksowej metody usprawniania dzieci i m\u0142odzie\u017cy, znanej za granic\u0105, pod nazw\u0105 Snoezelen. To zasada pracy zgodna z filozofi\u0105 \u201epozwalam wszystkim bod\u017acom dochodzi\u0107 do mnie\u201d. Sala ta to specjalnie wyodr\u0119bnione pomieszczenie <a href=\"https:\/\/www.zss1.strefa.pl\/wpress\/?page_id=795\" class=\"read-more\">Read More &#8230;<\/a><\/p>\n","protected":false},"author":1,"featured_media":0,"parent":769,"menu_order":12,"comment_status":"closed","ping_status":"closed","template":"","meta":{"footnotes":""},"class_list":["post-795","page","type-page","status-publish","hentry"],"_links":{"self":[{"href":"https:\/\/www.zss1.strefa.pl\/wpress\/index.php?rest_route=\/wp\/v2\/pages\/795","targetHints":{"allow":["GET"]}}],"collection":[{"href":"https:\/\/www.zss1.strefa.pl\/wpress\/index.php?rest_route=\/wp\/v2\/pages"}],"about":[{"href":"https:\/\/www.zss1.strefa.pl\/wpress\/index.php?rest_route=\/wp\/v2\/types\/page"}],"author":[{"embeddable":true,"href":"https:\/\/www.zss1.strefa.pl\/wpress\/index.php?rest_route=\/wp\/v2\/users\/1"}],"replies":[{"embeddable":true,"href":"https:\/\/www.zss1.strefa.pl\/wpress\/index.php?rest_route=%2Fwp%2Fv2%2Fcomments&post=795"}],"version-history":[{"count":5,"href":"https:\/\/www.zss1.strefa.pl\/wpress\/index.php?rest_route=\/wp\/v2\/pages\/795\/revisions"}],"predecessor-version":[{"id":19471,"href":"https:\/\/www.zss1.strefa.pl\/wpress\/index.php?rest_route=\/wp\/v2\/pages\/795\/revisions\/19471"}],"up":[{"embeddable":true,"href":"https:\/\/www.zss1.strefa.pl\/wpress\/index.php?rest_route=\/wp\/v2\/pages\/769"}],"wp:attachment":[{"href":"https:\/\/www.zss1.strefa.pl\/wpress\/index.php?rest_route=%2Fwp%2Fv2%2Fmedia&parent=795"}],"curies":[{"name":"wp","href":"https:\/\/api.w.org\/{rel}","templated":true}]}}